{"id":5994,"date":"2020-03-08T18:36:12","date_gmt":"2020-03-08T18:36:12","guid":{"rendered":"http:\/\/www.fraenoagriculture.com\/product\/cauliflower\/"},"modified":"2020-03-26T14:37:58","modified_gmt":"2020-03-26T14:37:58","slug":"cauliflower","status":"publish","type":"product","link":"https:\/\/www.fraenoagriculture.com\/sq\/product\/cauliflower\/","title":{"rendered":"Lulelak\u00ebr"},"content":{"rendered":"","protected":false},"excerpt":{"rendered":"<p>Lulelak\u00ebr<\/p>\n<p>Mund\u00ebsi t\u00eb ndryshme Paketimi jan\u00eb t\u00eb mundshme p\u00ebr \u00e7do produkt, p\u00ebr porosin\u00eb tuaj.<\/p>\n<p>Disponueshm\u00ebria e produktit ndryshon sipas periudh\u00ebs \/ muajit.<br \/>\nMos ngurroni t\u00eb na kontaktoni p\u00ebr \u00e7do pyetje p\u00ebr porosin\u00eb tuaj.<\/p>\n<blockquote><p> Na Kontaktoni P\u00ebr M\u00eb shum\u00eb Informacione <\/p><\/blockquote>\n<p><img loading=\"lazy\" class=\"alignnone size-medium wp-image-5915\" src=\"http:\/\/www.fraenoagriculture.com\/wp-content\/uploads\/2020\/03\/logo-fraeno-web-1.png\" alt=\"\" width=\"300\" height=\"97\" \/><\/p>\n<p>&nbsp;<\/p>\n<p>&nbsp;<\/p>\n","protected":false},"featured_media":4570,"template":"","meta":[],"product_cat":[153],"product_tag":[],"_links":{"self":[{"href":"https:\/\/www.fraenoagriculture.com\/sq\/wp-json\/wp\/v2\/product\/5994"}],"collection":[{"href":"https:\/\/www.fraenoagriculture.com\/sq\/wp-json\/wp\/v2\/product"}],"about":[{"href":"https:\/\/www.fraenoagriculture.com\/sq\/wp-json\/wp\/v2\/types\/product"}],"wp:featuredmedia":[{"embeddable":true,"href":"https:\/\/www.fraenoagriculture.com\/sq\/wp-json\/wp\/v2\/media\/4570"}],"wp:attachment":[{"href":"https:\/\/www.fraenoagriculture.com\/sq\/wp-json\/wp\/v2\/media?parent=5994"}],"wp:term":[{"taxonomy":"product_cat","embeddable":true,"href":"https:\/\/www.fraenoagriculture.com\/sq\/wp-json\/wp\/v2\/product_cat?post=5994"},{"taxonomy":"product_tag","embeddable":true,"href":"https:\/\/www.fraenoagriculture.com\/sq\/wp-json\/wp\/v2\/product_tag?post=5994"}],"curies":[{"name":"wp","href":"https:\/\/api.w.org\/{rel}","templated":true}]}}