{"id":5988,"date":"2020-03-10T08:55:38","date_gmt":"2020-03-10T08:55:38","guid":{"rendered":"http:\/\/www.fraenoagriculture.com\/product\/french-beans-yellow\/"},"modified":"2020-03-26T14:34:07","modified_gmt":"2020-03-26T14:34:07","slug":"french-beans-yellow","status":"publish","type":"product","link":"https:\/\/www.fraenoagriculture.com\/sq\/product\/french-beans-yellow\/","title":{"rendered":"Mashurka (t\u00eb verdha)"},"content":{"rendered":"","protected":false},"excerpt":{"rendered":"<p>Mashurka (t\u00eb verdha)<\/p>\n<p>Mund\u00ebsi t\u00eb ndryshme Paketimi jan\u00eb t\u00eb mundshme p\u00ebr \u00e7do produkt, p\u00ebr porosin\u00eb tuaj.<\/p>\n<p>Disponueshm\u00ebria e produktit ndryshon sipas periudh\u00ebs \/ muajit.<br \/>\nMos ngurroni t\u00eb na kontaktoni p\u00ebr \u00e7do pyetje p\u00ebr porosin\u00eb tuaj.<\/p>\n<blockquote><p> Na Kontaktoni P\u00ebr M\u00eb shum\u00eb Informacione <\/p><\/blockquote>\n<p><img loading=\"lazy\" class=\"alignnone size-medium wp-image-5915\" src=\"http:\/\/www.fraenoagriculture.com\/wp-content\/uploads\/2020\/03\/logo-fraeno-web-1.png\" alt=\"\" width=\"300\" height=\"97\" \/><\/p>\n<p>&nbsp;<\/p>\n<p>&nbsp;<\/p>\n","protected":false},"featured_media":4625,"template":"","meta":[],"product_cat":[153],"product_tag":[],"_links":{"self":[{"href":"https:\/\/www.fraenoagriculture.com\/sq\/wp-json\/wp\/v2\/product\/5988"}],"collection":[{"href":"https:\/\/www.fraenoagriculture.com\/sq\/wp-json\/wp\/v2\/product"}],"about":[{"href":"https:\/\/www.fraenoagriculture.com\/sq\/wp-json\/wp\/v2\/types\/product"}],"wp:featuredmedia":[{"embeddable":true,"href":"https:\/\/www.fraenoagriculture.com\/sq\/wp-json\/wp\/v2\/media\/4625"}],"wp:attachment":[{"href":"https:\/\/www.fraenoagriculture.com\/sq\/wp-json\/wp\/v2\/media?parent=5988"}],"wp:term":[{"taxonomy":"product_cat","embeddable":true,"href":"https:\/\/www.fraenoagriculture.com\/sq\/wp-json\/wp\/v2\/product_cat?post=5988"},{"taxonomy":"product_tag","embeddable":true,"href":"https:\/\/www.fraenoagriculture.com\/sq\/wp-json\/wp\/v2\/product_tag?post=5988"}],"curies":[{"name":"wp","href":"https:\/\/api.w.org\/{rel}","templated":true}]}}