{"id":5920,"date":"2019-05-16T07:50:09","date_gmt":"2019-05-16T07:50:09","guid":{"rendered":"http:\/\/www.fraenoagriculture.com\/about-us\/"},"modified":"2020-03-26T08:45:31","modified_gmt":"2020-03-26T08:45:31","slug":"about-us","status":"publish","type":"page","link":"https:\/\/www.fraenoagriculture.com\/sq\/about-us\/","title":{"rendered":"Rreth Nesh"},"content":{"rendered":"<p>[vc_row content_placement=&#8221;middle&#8221; css=&#8221;.vc_custom_1557993048085{padding-top: 110px !important;padding-bottom: 90px !important;}&#8221; el_id=&#8221;about&#8221;][vc_column el_class=&#8221;sub-title-no&#8221; offset=&#8221;vc_col-lg-6 vc_col-md-6&#8243;]<div class=\"\">\n\t<div class=\"rt-vc-title-1 rtin-section-title-left  rtin-dark\">\n\t\t\t\t\t<h2 class=\"rt-section-title-vc title32 mitle28\" style=\"font-size:36px; color:#222222;\">Fraeno Agriculture sh.p.k<\/h2>\n\t\t\t\t\t<p class=\"rt-section-sub-title-vc\" style=\"width:100%;\"><\/p>\n<h3>Fruta dhe perime me cil\u00ebsi t\u00eb lart\u00eb nga fermat shqiptare.<\/h3>\n<p>Fraeno Agriculture shpk \u00ebsht\u00eb nj\u00eb nga tregtar\u00ebt kryesor\u00eb t\u00eb frutave dhe perimeve n\u00eb Shqip\u00ebri. Ne eksportojm\u00eb nj\u00eb larmi t\u00eb madhe frutash dhe perimesh t\u00eb prodhuara kryesisht n\u00eb Fermat n\u00eb t\u00eb gjith\u00eb Shqip\u00ebrin\u00eb.<br \/>\nFraeno Agriculture \u00ebsht\u00eb nj\u00eb kompani q\u00eb mbledh cil\u00ebsin\u00eb m\u00eb t\u00eb mir\u00eb t\u00eb frutave dhe perimeve, n\u00eb bashk\u00ebpunim t\u00eb shk\u00eblqyesh\u00ebm me fermer\u00ebt n\u00eb m\u00ebnyr\u00eb q\u00eb t\u00eb siguroj\u00eb nj\u00eb partner t\u00eb besuesh\u00ebm p\u00ebr ju, n\u00eb t\u00eb cilin mund t\u00eb besoni dhe t\u00eb bashk\u00ebpunoni p\u00ebr importet tuaja.<br \/>\nPuna jon\u00eb kryesore p\u00ebrfshin eksportimin e frutave dhe perimeve t\u00eb fresk\u00ebta, t\u00eb zgjedhura sapo nga fermeri n\u00eb fusha, dhe t\u00eb eksportohen direkt, megjith\u00ebse ne kemi nj\u00eb magazine t\u00eb shk\u00eblqyer dhe po ashtu frigorifer me kapacitet t\u00eb lart\u00eb frigoriferik.<\/p>\n\t\t\t<\/div>\n<\/div>[\/vc_column][vc_column offset=&#8221;vc_col-lg-6 vc_col-md-6&#8243;][vc_row_inner content_placement=&#8221;bottom&#8221;][vc_column_inner width=&#8221;1\/2&#8243;][vc_single_image image=&#8221;5787&#8243; img_size=&#8221;full&#8221; onclick=&#8221;zoom&#8221; css=&#8221;.vc_custom_1585048231854{padding-bottom: 30px !important;}&#8221;][vc_single_image image=&#8221;5785&#8243; img_size=&#8221;full&#8221; onclick=&#8221;zoom&#8221; css=&#8221;.vc_custom_1585047837898{padding-bottom: 30px !important;}&#8221;][\/vc_column_inner][vc_column_inner width=&#8221;1\/2&#8243;][vc_single_image image=&#8221;5789&#8243; img_size=&#8221;full&#8221; onclick=&#8221;zoom&#8221; css=&#8221;.vc_custom_1585048273721{padding-bottom: 30px !important;}&#8221;][vc_single_image image=&#8221;5792&#8243; img_size=&#8221;full&#8221; onclick=&#8221;zoom&#8221; css=&#8221;.vc_custom_1585050003238{padding-bottom: 30px !important;}&#8221;][\/vc_column_inner][\/vc_row_inner][\/vc_column][\/vc_row][vc_row full_width=&#8221;stretch_row&#8221; css=&#8221;.vc_custom_1585052265725{padding-top: 120px !important;padding-bottom: 70px !important;background-image: url(http:\/\/www.fraenoagriculture.com\/wp-content\/uploads\/2020\/03\/HWCJ1623.jpg?id=5799) !important;background-position: center !important;background-repeat: no-repeat !important;background-size: cover !important;}&#8221; el_class=&#8221;info-layout-text-color&#8221;][vc_column width=&#8221;1\/2&#8243;]<div class=\"show_icon_bord vc_custom_1585160147109 layout3  flaticon  rt-info-text-3\" data-color=\"#ffffff\" data-title-color=\"#ffffff\" data-title-hover=\"#dbdbdb\" data-bghovercolor=\"#1fa12e\">\n\t<div class=\"media\" style=\"\" >\n\t\t<div class=\"pull-left\">\n\t\t\t\t\n\t\t\t\t\t\t<a href=\"#\"><i style=\"border-color:#ffffff; color:#ffffff;\n\t\t\tfont-size: 50px;\" class=\"flaticon-green-document\" aria-hidden=\"true\"><\/i><\/a>            \n\t\t\t\t\t\n\t\t<\/div>\n\t\t<div class=\"media-body\">\n\t\t\t\t\t<h3 style=\"font-size: 32px;\"><a style=\"color:#ffffff\" href=\"#\">Cil\u00ebsia Europiane<\/a><\/h3>\n\t\t\t\t\t<p style=\"\">Vet\u00ebm produkte Bio rritur natyrsh\u00ebm<\/p>\n\t\t<\/div>\n\t\t\n\t<\/div>\n<\/div>[\/vc_column][vc_column width=&#8221;1\/2&#8243;]<div class=\"show_icon_bord vc_custom_1585160107624 layout3  flaticon  rt-info-text-3\" data-color=\"#ffffff\" data-title-color=\"#ffffff\" data-title-hover=\"#dbdbdb\" data-bghovercolor=\"#1fa12e\">\n\t<div class=\"media\" style=\"\" >\n\t\t<div class=\"pull-left\">\n\t\t\t\t\n\t\t\t\t\t\t<a href=\"#\"><i style=\"border-color:#ffffff; color:#ffffff;\n\t\t\tfont-size: 50px;\" class=\"flaticon-green-shipped\" aria-hidden=\"true\"><\/i><\/a>            \n\t\t\t\t\t\n\t\t<\/div>\n\t\t<div class=\"media-body\">\n\t\t\t\t\t<h3 style=\"font-size: 32px;\"><a style=\"color:#ffffff\" href=\"#\">Transport<\/a><\/h3>\n\t\t\t\t\t<p style=\"\">Kamiona p\u00ebr klient\u00ebt q\u00eb duan gjithashtu transport<\/p>\n\t\t<\/div>\n\t\t\n\t<\/div>\n<\/div>[\/vc_column][\/vc_row][vc_row full_width=&#8221;stretch_row&#8221; css=&#8221;.vc_custom_1585066114597{padding-top: 110px !important;padding-bottom: 90px !important;background: #f8fbff url(http:\/\/www.fraenoagriculture.com\/wp-content\/uploads\/2020\/03\/about7-2.jpg?id=5818) !important;background-position: 0 0 !important;background-repeat: no-repeat !important;}&#8221;][vc_column offset=&#8221;vc_col-lg-4 vc_col-md-12&#8243;][\/vc_column][vc_column offset=&#8221;vc_col-lg-8 vc_col-md-12&#8243;]<div class=\"vc_custom_1585159574630\">\n\t<div class=\"rt-vc-title-1 rtin-section-title-center  rtin-dark\">\n\t\t\t\t\t<h2 class=\"rt-section-title-vc title32 mitle28\" style=\"font-size:36px; color:#222222;\">Pse na zgjedhin<\/h2>\n\t\t\t<\/div>\n<\/div>[vc_row_inner][vc_column_inner css=&#8221;.vc_custom_1557735646546{background-position: center !important;background-repeat: no-repeat !important;background-size: contain !important;}&#8221; offset=&#8221;vc_col-lg-5 vc_col-md-6&#8243;]<div class=\"vc_custom_1585159701724 common\" style=\"text-align: left;\">\n\t<div class=\"rt-text-with-btn\">\n\t\t<div class=\"data-area\">\n\t\t\t\t\t<h3 style=\"color: #222222; font-size: 22px; font-weight:500\">N\u00eb treg q\u00eb nga viti 1994<\/h3>\n\t\t\t\t\t\t\t<p style=\"color:#222222;\">Kompania jon\u00eb ka vite q\u00eb \u00ebsht\u00eb n\u00eb treg, duke mbledhur dhe shp\u00ebrndar\u00eb produkte bio-ushqimore q\u00eb plot\u00ebsojn\u00eb k\u00ebrkesat e konsumatorit evropian.<\/p>\n\t\t\t\t\t\t<\/div>\n\t<\/div>\n<\/div><div class=\"vc_custom_1585212319881 common\" style=\"text-align: left;\">\n\t<div class=\"rt-text-with-btn\">\n\t\t<div class=\"data-area\">\n\t\t\t\t\t<h3 style=\"color: #ffffff; font-size: 24px; font-weight:500\">26 Years of Experience<\/h3>\n\t\t\t\t\t\t\t<p style=\"color:#ffffff;\">Ne punojm\u00eb s\u00eb bashku me fermer\u00ebt dhe klient\u00ebt e huaj, t\u00eb cil\u00ebt importojn\u00eb produktet tona, duke nd\u00ebrtuar besueshm\u00ebrin\u00eb dhe sigurin\u00eb n\u00eb marr\u00ebdh\u00ebniet tregtare<\/p>\n\t\t\t\t\t\t\t<a class=\"white-button\" href=\"https:\/\/www.fraenoagriculture.com\/sq\/contact\/\"><span>Kontakt<\/span><\/a>\n\t\t\t\t<\/div>\n\t<\/div>\n<\/div>[\/vc_column_inner][vc_column_inner offset=&#8221;vc_col-lg-7 vc_col-md-6&#8243;]<div class=\"vc_custom_1585159672670 common3\" style=\"text-align: left;\">\n\t<div class=\"rt-text-with-btn\">\n\t\t<div class=\"data-area\">\n\t\t\t\t\t<h3 style=\"color: #222222; font-size: 24px; font-weight:500\">Misioni yne<\/h3>\n\t\t\t\t\t\t\t<p style=\"color:#222222;\">Sigurimi i perimeve dhe frutave t\u00eb fresk\u00ebta dhe t\u00eb cilesore p\u00ebr tregjet nd\u00ebrkomb\u00ebtare, duke p\u00ebrmbushur cil\u00ebsin\u00eb m\u00eb t\u00eb mir\u00eb p\u00ebr konsum dhe k\u00ebrkesat e \u00e7ertifikimit t\u00eb autoritetit evropian.<\/p>\n\t\t\t\t\t\t<\/div>\n\t<\/div>\n<\/div>[\/vc_column_inner][\/vc_row_inner][\/vc_column][\/vc_row][vc_row css=&#8221;.vc_custom_1557993261372{padding-top: 110px !important;}&#8221; el_id=&#8221;service&#8221;][vc_column]<div class=\"\">\n\t<div class=\"rt-vc-title-1 rtin-section-title-center  rtin-dark\">\n\t\t\t\t\t<h2 class=\"rt-section-title-vc title32 mitle28\" style=\"font-size:36px; color:#222222;\">T\u00eb fresk\u00ebta nga fermat<\/h2>\n\t\t\t<\/div>\n<\/div>[\/vc_column][\/vc_row][vc_row css=&#8221;.vc_custom_1585043469571{margin-bottom: 20px !important;}&#8221;][vc_column]<div class=\"\">\n\t<div class=\"rt-after-before\">\n\t\t<div class=\"rtin-ba-text\"><span class=\"rtin-ba-before\">Before<\/span><img width=\"625\" height=\"493\" src=\"https:\/\/www.fraenoagriculture.com\/wp-content\/uploads\/2020\/03\/before-1.jpg\" class=\"attachment-full size-full\" alt=\"\" loading=\"lazy\" srcset=\"https:\/\/www.fraenoagriculture.com\/wp-content\/uploads\/2020\/03\/before-1.jpg 625w, https:\/\/www.fraenoagriculture.com\/wp-content\/uploads\/2020\/03\/before-1-300x237.jpg 300w, https:\/\/www.fraenoagriculture.com\/wp-content\/uploads\/2020\/03\/before-1-600x473.jpg 600w\" sizes=\"(max-width: 625px) 100vw, 625px\" \/><i class=\"fa fa-sliders\" aria-hidden=\"true\"><\/i><\/div>\n\t\t<div class=\"rtin-ba-text\"><span class=\"rtin-ba-after\">After<\/span><img width=\"625\" height=\"493\" src=\"https:\/\/www.fraenoagriculture.com\/wp-content\/uploads\/2020\/03\/before.jpg\" class=\"attachment-full size-full\" alt=\"\" loading=\"lazy\" srcset=\"https:\/\/www.fraenoagriculture.com\/wp-content\/uploads\/2020\/03\/before.jpg 625w, https:\/\/www.fraenoagriculture.com\/wp-content\/uploads\/2020\/03\/before-300x237.jpg 300w, https:\/\/www.fraenoagriculture.com\/wp-content\/uploads\/2020\/03\/before-600x473.jpg 600w\" sizes=\"(max-width: 625px) 100vw, 625px\" \/><\/div>\n\t<\/div>\n<\/div>[\/vc_column][\/vc_row][vc_row][vc_column][vc_empty_space][\/vc_column][\/vc_row][vc_row full_width=&#8221;stretch_row_content_no_spaces&#8221; equal_height=&#8221;yes&#8221; content_placement=&#8221;middle&#8221; el_class=&#8221;map-address&#8221; css=&#8221;.vc_custom_1585044832465{margin-top: 10px !important;background-color: #1fa12e !important;}&#8221; el_id=&#8221;contact&#8221;][vc_column width=&#8221;1\/2&#8243;][vc_gmaps link=&#8221;#E-8_JTNDaWZyYW1lJTIwc3JjJTNEJTIyaHR0cHMlM0ElMkYlMkZ3d3cuZ29vZ2xlLmNvbSUyRm1hcHMlMkZlbWJlZCUzRnBiJTNEJTIxMW0xOCUyMTFtMTIlMjExbTMlMjExZDExODU4OS4wMTcyMDYyMTQ5NSUyMTJkMTkuNDI5NzM5NTIxMDYwNTA1JTIxM2Q0MC42MzkzODE1MzA1NzIxJTIxMm0zJTIxMWYwJTIxMmYwJTIxM2YwJTIxM20yJTIxMWkxMDI0JTIxMmk3NjglMjE0ZjEzLjElMjEzbTMlMjExbTIlMjExczB4MTM0NTRiYjA2NWM5MDIwMSUyNTNBMHgzMzY2YWEzZjU4ZjIxM2ExJTIxMnNGcmFlbm8lMjUyMEFncmljb2x0dXJlJTIxNWUwJTIxM20yJTIxMXNzcSUyMTJzJTIxNHYxNTg1MDM0NzMyMDgxJTIxNW0yJTIxMXNzcSUyMTJzJTIyJTIwd2lkdGglM0QlMjI2MDAlMjIlMjBoZWlnaHQlM0QlMjI2MDAlMjIlMjBmcmFtZWJvcmRlciUzRCUyMjAlMjIlMjBzdHlsZSUzRCUyMmJvcmRlciUzQTAlMjIlMjBhbGxvd2Z1bGxzY3JlZW4lM0UlM0MlMkZpZnJhbWUlM0U=&#8221;]<div class=\"rt-vc-contact-2 \">\n\t<div class=\"header-info\">\n\t\t\t\t\t<h2>Ku jemi<\/h2>\n\t\t\t\t\t\t\t<p>Kontaktoni p\u00ebr porosin\u00eb tuaj<\/p>\n\t\t\t<\/div>\n\t<ul class=\"rtin-item\">\n\t\t\t\t\t<li><i class=\"fa fa-map-marker\" aria-hidden=\"true\"><\/i>Autostrada Levan-Tepelen, Km 6, Kafaraj, Fier<\/li>\n\t\t\t\t\t\t\n\t\t\t<li><i class=\"fa fa-phone\" aria-hidden=\"true\"><\/i>+355672057715<\/li>\n\t\t\t\t\t\t\t<li><i class=\"fa fa-envelope-o\" aria-hidden=\"true\"><\/i>fraenoagriculture@gmail.com<\/li>\n\t\t\t\t\t\t \n\t<\/ul>\n<\/div>[\/vc_column][vc_column width=&#8221;1\/2&#8243; el_class=&#8221;contact-onepage&#8221;]<div class=\"\">\n\t<div class=\"rt-vc-title-2 rtin-section-title-center\">\n\t\t\t\t\t<h2 class=\"rt-section-title-vc title32 mitle28\" style=\"font-size:36px; color:#ffffff;\">Na kontaktoni<\/h2>\n\t\t\t<\/div>\n<\/div><div role=\"form\" class=\"wpcf7\" id=\"wpcf7-f5764-o1\" lang=\"en-US\" dir=\"ltr\">\n<div class=\"screen-reader-response\"><p role=\"status\" aria-live=\"polite\" aria-atomic=\"true\"><\/p> <ul><\/ul><\/div>\n<form action=\"\/sq\/wp-json\/wp\/v2\/pages\/5920#wpcf7-f5764-o1\" method=\"post\" class=\"wpcf7-form init\" novalidate=\"novalidate\" data-status=\"init\">\n<div style=\"display: none;\">\n<input type=\"hidden\" name=\"_wpcf7\" value=\"5764\" \/>\n<input type=\"hidden\" name=\"_wpcf7_version\" value=\"5.6.3\" \/>\n<input type=\"hidden\" name=\"_wpcf7_locale\" value=\"en_US\" \/>\n<input type=\"hidden\" name=\"_wpcf7_unit_tag\" value=\"wpcf7-f5764-o1\" \/>\n<input type=\"hidden\" name=\"_wpcf7_container_post\" value=\"0\" \/>\n<input type=\"hidden\" name=\"_wpcf7_posted_data_hash\" value=\"\" \/>\n<\/div>\n<div class=\"row con-home-6\">\n<div id=\"contact-form\">\n<div class=\"col-md-6 col-sm-12\">\n<div class=\"form-group\"><span class=\"wpcf7-form-control-wrap\" data-name=\"text-203\"><input type=\"text\" name=\"text-203\" value=\"\" size=\"40\" class=\"wpcf7-form-control wpcf7-text wpcf7-validates-as-required form-control\" aria-required=\"true\" aria-invalid=\"false\" placeholder=\"Emri*\" \/><\/span><\/div>\n<\/div>\n<div class=\"col-md-6 col-sm-12\">\n<div class=\"form-group\"><span class=\"wpcf7-form-control-wrap\" data-name=\"email-628\"><input type=\"email\" name=\"email-628\" value=\"\" size=\"40\" class=\"wpcf7-form-control wpcf7-text wpcf7-email wpcf7-validates-as-required wpcf7-validates-as-email form-control\" aria-required=\"true\" aria-invalid=\"false\" placeholder=\"Email*\" \/><\/span><\/div>\n<\/div>\n<div class=\"col-md-6 col-sm-12\">\n<div class=\"form-group\"><span class=\"wpcf7-form-control-wrap\" data-name=\"tel-640\"><input type=\"tel\" name=\"tel-640\" value=\"\" size=\"40\" class=\"wpcf7-form-control wpcf7-text wpcf7-tel wpcf7-validates-as-required wpcf7-validates-as-tel form-control\" aria-required=\"true\" aria-invalid=\"false\" placeholder=\"Celular*\" \/><\/span><\/div>\n<\/div>\n<div class=\"col-md-6 col-sm-12\">\n<div class=\"form-group\"><span class=\"wpcf7-form-control-wrap\" data-name=\"subj-740\"><input type=\"text\" name=\"subj-740\" value=\"\" size=\"40\" class=\"wpcf7-form-control wpcf7-text wpcf7-validates-as-required form-control\" aria-required=\"true\" aria-invalid=\"false\" placeholder=\"Titulli\" \/><\/span><\/div>\n<\/div>\n<div class=\"col-sm-12\">\n<div class=\"form-group\"><span class=\"wpcf7-form-control-wrap\" data-name=\"textarea-451\"><textarea name=\"textarea-451\" cols=\"40\" rows=\"5\" class=\"wpcf7-form-control wpcf7-textarea wpcf7-validates-as-required form-control Message\" aria-required=\"true\" aria-invalid=\"false\" placeholder=\"Mesazhi*\"><\/textarea><\/span><\/div>\n<\/div>\n<div class=\"col-lg-4 col-md-4 col-sm-6 col-sm-12\">\n<div class=\"form-group\">\n<div class=\"contact-light-button\"><span><input type=\"submit\" value=\"D\u00cbRGO\" class=\"wpcf7-form-control has-spinner wpcf7-submit con-form\" \/><\/span><\/div>\n<\/div>\n<\/div>\n<p><span id=\"wpcf7-69e6b75dd5ce1-wrapper\" class=\"wpcf7-form-control-wrap honeypot-59-wrap\" style=\"display:none !important; visibility:hidden !important;\"><label for=\"wpcf7-69e6b75dd5ce1-field\" class=\"hp-message\">Please leave this field empty.<\/label><input id=\"wpcf7-69e6b75dd5ce1-field\"  class=\"wpcf7-form-control wpcf7-text\" type=\"text\" name=\"honeypot-59\" value=\"\" size=\"40\" tabindex=\"-1\" autocomplete=\"new-password\" \/><\/span><\/p>\n<div class=\"col-lg-8 col-md-8 col-sm-6 col-sm-12\">\n<div class='form-response'>\n<div class=\"wpcf7-response-output\" aria-hidden=\"true\"><\/div>\n<\/div>\n<\/div>\n<\/div>\n<\/div>\n<\/form><\/div>[\/vc_column][\/vc_row]<\/p>\n","protected":false},"excerpt":{"rendered":"<p>[vc_row content_placement=&#8221;middle&#8221; css=&#8221;.vc_custom_1557993048085{padding-top: 110px !important;padding-bottom: 90px !important;}&#8221; el_id=&#8221;about&#8221;][vc_column el_class=&#8221;sub-title-no&#8221; offset=&#8221;vc_col-lg-6 vc_col-md-6&#8243;][\/vc_column][vc_column offset=&#8221;vc_col-lg-6 vc_col-md-6&#8243;][vc_row_inner content_placement=&#8221;bottom&#8221;][vc_column_inner width=&#8221;1\/2&#8243;][vc_single_image image=&#8221;5787&#8243; img_size=&#8221;full&#8221; onclick=&#8221;zoom&#8221; css=&#8221;.vc_custom_1585048231854{padding-bottom: 30px !important;}&#8221;][vc_single_image image=&#8221;5785&#8243; img_size=&#8221;full&#8221; onclick=&#8221;zoom&#8221; css=&#8221;.vc_custom_1585047837898{padding-bottom: 30px !important;}&#8221;][\/vc_column_inner][vc_column_inner width=&#8221;1\/2&#8243;][vc_single_image image=&#8221;5789&#8243; img_size=&#8221;full&#8221; onclick=&#8221;zoom&#8221; css=&#8221;.vc_custom_1585048273721{padding-bottom: 30px !important;}&#8221;][vc_single_image image=&#8221;5792&#8243; img_size=&#8221;full&#8221; onclick=&#8221;zoom&#8221; css=&#8221;.vc_custom_1585050003238{padding-bottom: 30px !important;}&#8221;][\/vc_column_inner][\/vc_row_inner][\/vc_column][\/vc_row][vc_row full_width=&#8221;stretch_row&#8221; css=&#8221;.vc_custom_1585052265725{padding-top: 120px !important;padding-bottom: 70px !important;background-image: url(http:\/\/www.fraenoagriculture.com\/wp-content\/uploads\/2020\/03\/HWCJ1623.jpg?id=5799) !important;background-position: center !important;background-repeat: no-repeat !important;background-size: cover !important;}&#8221; el_class=&#8221;info-layout-text-color&#8221;][vc_column [&hellip;]<\/p>\n","protected":false},"author":1,"featured_media":0,"parent":0,"menu_order":0,"comment_status":"closed","ping_status":"closed","template":"","meta":[],"_links":{"self":[{"href":"https:\/\/www.fraenoagriculture.com\/sq\/wp-json\/wp\/v2\/pages\/5920"}],"collection":[{"href":"https:\/\/www.fraenoagriculture.com\/sq\/wp-json\/wp\/v2\/pages"}],"about":[{"href":"https:\/\/www.fraenoagriculture.com\/sq\/wp-json\/wp\/v2\/types\/page"}],"author":[{"embeddable":true,"href":"https:\/\/www.fraenoagriculture.com\/sq\/wp-json\/wp\/v2\/users\/1"}],"replies":[{"embeddable":true,"href":"https:\/\/www.fraenoagriculture.com\/sq\/wp-json\/wp\/v2\/comments?post=5920"}],"version-history":[{"count":0,"href":"https:\/\/www.fraenoagriculture.com\/sq\/wp-json\/wp\/v2\/pages\/5920\/revisions"}],"wp:attachment":[{"href":"https:\/\/www.fraenoagriculture.com\/sq\/wp-json\/wp\/v2\/media?parent=5920"}],"curies":[{"name":"wp","href":"https:\/\/api.w.org\/{rel}","templated":true}]}}